{"id":21848,"date":"2025-01-12T00:54:55","date_gmt":"2025-01-12T00:54:55","guid":{"rendered":"https:\/\/nordicats.com\/?post_type=product&#038;p=21848"},"modified":"2025-11-30T05:24:12","modified_gmt":"2025-11-30T05:24:12","slug":"2-user-access-plan","status":"publish","type":"product","link":"https:\/\/nordicats.com\/sv\/produkt\/2-user-access-plan\/","title":{"rendered":"2-anv\u00e4ndar\u00e5tkomstplan"},"content":{"rendered":"<p>Perfekt f\u00f6r sm\u00e5 f\u00f6retag som hanterar rekrytering \u00f6ver tv\u00e5 enheter, 2-anv\u00e4ndar\u00e5tkomstplanen \u00e4r utformad f\u00f6r att effektivisera anst\u00e4llningsprocesser och f\u00f6rb\u00e4ttra effektiviteten. Med denna plan f\u00e5r du:<\/p>\n<ul>\n<li>AI-driven CV-granskning f\u00f6r att identifiera och rangordna toppkandidater snabbt.<\/li>\n<li>Automatiserad jobbpublicering f\u00f6r att hantera jobbannonser smidigt \u00f6ver flera plattformar.<\/li>\n<li>En avancerad analysdashboard f\u00f6r att sp\u00e5ra och optimera din rekryteringsstrategi.<\/li>\n<li>St\u00f6d f\u00f6r upp till 120 kandidater per m\u00e5nad, totalt 1 400 kandidater \u00e5rligen.<\/li>\n<\/ul>\n<p><strong>Vad ing\u00e5r:<\/strong><\/p>\n<ul>\n<li><strong>AI-driven CV-granskning<\/strong> Automatisera kandidatbed\u00f6mning och spara v\u00e4rdefull tid.<\/li>\n<li><strong>Automatiserad jobbpublicering:<\/strong> Publicera och hantera jobbannonser smidigt f\u00f6r tv\u00e5 verksamheter.<\/li>\n<li><strong>Avancerad analysdashboard:<\/strong> Publiez et g\u00e9rez les offres d'emploi sur deux entit\u00e9s sans effort.<\/li>\n<li><strong>Prioriterad support:<\/strong> Snabbare support f\u00f6r att s\u00e4kerst\u00e4lla smidig drift.<\/li>\n<\/ul>\n<p><strong>Vad h\u00e4nder efter k\u00f6pet:<\/strong> N\u00e4r ditt k\u00f6p \u00e4r slutf\u00f6rt kommer du att f\u00e5 ett e-postmeddelande med:<\/p>\n<ul>\n<li>Instruktioner f\u00f6r att ladda ner appen.<\/li>\n<li>Unika inloggningsuppgifter f\u00f6r tv\u00e5 anv\u00e4ndare.<\/li>\n<li>En guide f\u00f6r att hj\u00e4lpa dig och ditt team att komma ig\u00e5ng.<\/li>\n<\/ul>\n<p><strong>Varf\u00f6r v\u00e4lja 2-anv\u00e4ndar\u00e5tkomstplanen:<\/strong><\/p>\n<ul>\n<li><strong>Samarbets\u00e5tkomst:<\/strong> Utformad f\u00f6r tv\u00e5 anv\u00e4ndare som arbetar \u00f6ver tv\u00e5 aff\u00e4rsenheter.<\/li>\n<li><strong>Skalbara rekryteringsverktyg:<\/strong> Hantera upp till 1 400 kandidater \u00e5rligen.<\/li>\n<li><strong>F\u00f6rb\u00e4ttrad support:<\/strong> Inkluderar prioriterad assistans f\u00f6r smidig funktionalitet.<\/li>\n<\/ul>","protected":false},"excerpt":{"rendered":"<p>F\u00e5 ett helt \u00e5r med AI-drivna rekryteringsverktyg, automatiserad jobbpublicering och avancerad analys f\u00f6r upp till 600 kandidater \u00e5rligen. Inloggningsuppgifter skickas via e-post efter k\u00f6p.<\/p>\n<h4><\/h4>","protected":false},"featured_media":21840,"comment_status":"open","ping_status":"closed","template":"","meta":[],"product_brand":[],"product_cat":[53],"product_tag":[61,62,55],"class_list":{"0":"post-21848","1":"product","2":"type-product","3":"status-publish","4":"has-post-thumbnail","6":"product_cat-multiple-access-plans","7":"product_tag-2-user-plan","8":"product_tag-business-collaboration","9":"product_tag-recruitment-tools","11":"first","12":"instock","13":"virtual","14":"purchasable","15":"product-type-simple"},"jetpack_sharing_enabled":true,"_links":{"self":[{"href":"https:\/\/nordicats.com\/sv\/wp-json\/wp\/v2\/product\/21848","targetHints":{"allow":["GET"]}}],"collection":[{"href":"https:\/\/nordicats.com\/sv\/wp-json\/wp\/v2\/product"}],"about":[{"href":"https:\/\/nordicats.com\/sv\/wp-json\/wp\/v2\/types\/product"}],"replies":[{"embeddable":true,"href":"https:\/\/nordicats.com\/sv\/wp-json\/wp\/v2\/comments?post=21848"}],"wp:featuredmedia":[{"embeddable":true,"href":"https:\/\/nordicats.com\/sv\/wp-json\/wp\/v2\/media\/21840"}],"wp:attachment":[{"href":"https:\/\/nordicats.com\/sv\/wp-json\/wp\/v2\/media?parent=21848"}],"wp:term":[{"taxonomy":"product_brand","embeddable":true,"href":"https:\/\/nordicats.com\/sv\/wp-json\/wp\/v2\/product_brand?post=21848"},{"taxonomy":"product_cat","embeddable":true,"href":"https:\/\/nordicats.com\/sv\/wp-json\/wp\/v2\/product_cat?post=21848"},{"taxonomy":"product_tag","embeddable":true,"href":"https:\/\/nordicats.com\/sv\/wp-json\/wp\/v2\/product_tag?post=21848"}],"curies":[{"name":"wp","href":"https:\/\/api.w.org\/{rel}","templated":true}]}}